









{"id":1725,"date":"2022-05-24T12:07:05","date_gmt":"2022-05-24T10:07:05","guid":{"rendered":"https:\/\/15.188.27.39\/?page_id=1725"},"modified":"2022-08-01T10:00:16","modified_gmt":"2022-08-01T08:00:16","slug":"come-funziona-2","status":"publish","type":"page","link":"https:\/\/safeway.admin.rheticus.eu\/it\/come-funziona-2\/","title":{"rendered":"Come funziona"},"content":{"rendered":"<div id=\"pl-1725\"  class=\"panel-layout\" ><div id=\"pg-1725-0\"  class=\"panel-grid panel-has-style\" ><div class=\"panel-row-style panel-row-style-for-1725-0\" ><div id=\"pgc-1725-0-0\"  class=\"panel-grid-cell panel-grid-cell-empty\" ><\/div><\/div><\/div><div id=\"pg-1725-1\"  class=\"panel-grid panel-no-style\" ><div id=\"pgc-1725-1-0\"  class=\"panel-grid-cell\" ><div id=\"panel-1725-1-0-0\" class=\"so-panel widget widget_sow-editor panel-first-child panel-last-child\" data-index=\"0\" ><div class=\"sm-margin panel-widget-style panel-widget-style-for-1725-1-0-0\" ><div\n\t\t\t\n\t\t\tclass=\"so-widget-sow-editor so-widget-sow-editor-base\"\n\t\t\t\n\t\t>\n<div class=\"siteorigin-widget-tinymce textwidget\">\n\t<p>&nbsp;<\/p>\n<h3 class=\"decoration\">I prodotti<\/h3>\n<p>Con Rheticus\u00ae Interactive gli utenti possono richiedere diversi prodotti che possono includere, di volta in volta, l'attivazione di servizi di monitoraggio satellitare con indicatori geospaziali pronti all'uso (servizi Rheticus\u00ae) o la fornitura di immagini satellitari e altre informazioni a valore aggiunto (mappe tematiche, immagini o altro).<\/p>\n<p>Il catalogo dei prodotti che l'utente pu\u00f2 richiedere durante l'abbonamento \u00e8 definito in anticipo e personalizzato al momento dell'attivazione dell'abbonamento. Il catalogo pu\u00f2 essere arricchito con nuovi prodotti durante il periodo di abbonamento.<\/p>\n<h3 class=\"decoration\">Abbonamenti<\/h3>\n<p>Gli utenti che si abbonano a Rheticus\u00ae Interactive ottengono un pacchetto di crediti che possono spendere durante il periodo di validit\u00e0 dell'abbonamento, richiedendo, di volta in volta, il prodotto preferito tra tutti quelli disponibili nel catalogo personalizzato. Ogni prodotto ha un costo diverso, espresso in crediti. A seguito di ogni richiesta, il prezzo in crediti del prodotto viene calcolato in base alla tipologia di prodotto e all'area di interesse.<\/p>\n<p>Al momento dell'attivazione del contratto, il Cliente accede al cruscotto che mostra il catalogo prodotti personalizzato in base alle sue esigenze.<\/p>\n<h3 class=\"decoration\">Attivazione servizi<\/h3>\n<p>Per ogni prodotto, il Cliente pu\u00f2 accedere alle specifiche tecniche del prodotto che desidera attivare, insieme alle informazioni su tempi e modalit\u00e0 di consegna del prodotto. Il cruscotto web consente di gestire tutte le richieste di prodotto, di verificare i crediti spesi e quelli ancora disponibili durante il periodo di abbonamento, di controllare lo stato di avanzamento di ogni richiesta e di gestire l'accesso alle varie soluzioni da parte degli utenti, assegnando loro le credenziali di accesso ai prodotti.<\/p>\n<\/div>\n<\/div><\/div><\/div><\/div><\/div><\/div>","protected":false},"excerpt":{"rendered":"<p>&nbsp; I prodotti Con Rheticus\u00ae Interactive gli utenti possono richiedere diversi prodotti che possono includere, di volta in volta, l&#8217;attivazione di servizi di monitoraggio satellitare con indicatori geospaziali pronti all&#8217;uso (servizi Rheticus\u00ae) o la fornitura di immagini satellitari e altre informazioni a valore aggiunto (mappe tematiche, immagini o altro). Il catalogo dei prodotti che l&#8217;utente [&hellip;]<\/p>\n","protected":false},"author":2,"featured_media":0,"parent":0,"menu_order":0,"comment_status":"closed","ping_status":"closed","template":"template-fullwidth.php","meta":{"footnotes":""},"acf":[],"_links":{"self":[{"href":"https:\/\/safeway.admin.rheticus.eu\/it\/wp-json\/wp\/v2\/pages\/1725"}],"collection":[{"href":"https:\/\/safeway.admin.rheticus.eu\/it\/wp-json\/wp\/v2\/pages"}],"about":[{"href":"https:\/\/safeway.admin.rheticus.eu\/it\/wp-json\/wp\/v2\/types\/page"}],"author":[{"embeddable":true,"href":"https:\/\/safeway.admin.rheticus.eu\/it\/wp-json\/wp\/v2\/users\/2"}],"replies":[{"embeddable":true,"href":"https:\/\/safeway.admin.rheticus.eu\/it\/wp-json\/wp\/v2\/comments?post=1725"}],"version-history":[{"count":0,"href":"https:\/\/safeway.admin.rheticus.eu\/it\/wp-json\/wp\/v2\/pages\/1725\/revisions"}],"wp:attachment":[{"href":"https:\/\/safeway.admin.rheticus.eu\/it\/wp-json\/wp\/v2\/media?parent=1725"}],"curies":[{"name":"wp","href":"https:\/\/api.w.org\/{rel}","templated":true}]}}