









{"id":2508,"date":"2022-08-08T16:22:54","date_gmt":"2022-08-08T14:22:54","guid":{"rendered":"https:\/\/15.188.27.39\/privacy-policy\/"},"modified":"2022-08-08T16:25:26","modified_gmt":"2022-08-08T14:25:26","slug":"privacy-policy","status":"publish","type":"page","link":"https:\/\/safeway.admin.rheticus.eu\/it\/privacy-policy\/","title":{"rendered":"Privacy policy"},"content":{"rendered":"<div id=\"pl-2505\" class=\"panel-layout\">\n<div id=\"pg-2505-0\" class=\"panel-grid panel-no-style\" data-style=\"{&quot;background_image_attachment&quot;:false,&quot;background_display&quot;:&quot;tile&quot;,&quot;cell_alignment&quot;:&quot;flex-start&quot;}\" data-ratio=\"1\" data-ratio-direction=\"right\">\n<div id=\"pgc-2505-0-0\" class=\"panel-grid-cell panel-grid-cell-empty\" data-weight=\"1\"><\/div>\n<\/div>\n<div id=\"pg-2505-1\" class=\"panel-grid panel-no-style\" data-style=\"{&quot;background_image_attachment&quot;:false,&quot;background_display&quot;:&quot;tile&quot;,&quot;cell_alignment&quot;:&quot;flex-start&quot;}\" data-ratio=\"1\" data-ratio-direction=\"right\">\n<div id=\"pgc-2505-1-0\" class=\"panel-grid-cell\" data-weight=\"1\">\n<div id=\"panel-2505-1-0-0\" class=\"so-panel widget widget_text panel-first-child panel-last-child\" data-index=\"0\" data-style=\"{&quot;background_image_attachment&quot;:false,&quot;background_display&quot;:&quot;tile&quot;}\">\n<div class=\"textwidget\">\n<div id=\"entry-div\" class=\"entry-content clearfix\">\n<div class=\"wpb_wrapper\">\n<p><strong>INFORMATIVA PER IL TRATTAMENTO DEI DATI PERSONALI EX ART. 13 REGOLAMENTO UE 679\/2016<\/strong><\/p>\n<p><span class=\"il\">Planetek Italia Srl \u2013 Via Massaua, 12, 70132 Bari, Italia \u2013 P.Iva 04555490723, in qualit\u00e0 di titolare del trattamento dei dati (in seguito \u201cTitolare\u201d), La informa, ai sensi dell\u2019art. 13 Regolamento UE 679\/2016 (in seguito \u201cGDPR\u201d), che i Suoi dati saranno trattati con le modalit\u00e0 e per le finalit\u00e0 di seguito descritte:<\/span><\/p>\n<p><strong>1. Oggetto del trattamento<\/strong><\/p>\n<p>Il Titolare tratta i dati personali identificativi, quali es. IP, nominativo, email, numero telefonico, indirizzo postale, ubicazione geografica (in seguito \u201cDati\u201d) da Lei forniti in occasione della navigazione sul nostro website, l\u2019acquisto o la sottoscrizione di servizi o, in genere del rapporto precontrattuale o contrattuale in essere col Titolare.<\/p>\n<p align=\"left\"><strong>2. <\/strong><strong>Cookie <\/strong><strong>e tracciamento del sito<\/strong><\/p>\n<p>Nel rispetto della Dir. UE 2009\/136\/CE del 25\/11\/2009, il Titolare la informa che questo website utilizza i cookie o strumenti similari per permetterci di migliorare il nostro servizio e offrire all\u2019utente alcune utili funzionalit\u00e0. Questo pu\u00f2 includere i cookie di partner commerciali che vengono memorizzati dal computer o dal dispositivo quando si visita il nostro website (<a href=\"https:\/\/15.188.27.39\">https:\/\/15.188.27.39\/<\/a>). Si prega di visitare i siti web dei nostri partner commerciali per informazioni sulla loro politica sui cookie e sulla privacy.<\/p>\n<p>I cookie sono piccoli file di testo che vengono trasferiti sul computer o sul dispositivo tramite il browser web per consentirci di riconoscere il browser dell\u2019utente e ci aiutano a monitorare i visitatori del nostro sito, consentendoci cos\u00ec di comprendere meglio i prodotti e servizi che saranno pi\u00f9 adatti agli utenti. Un cookie contiene le informazioni di contatto e le informazioni utili per consentire di identificare il computer o il dispositivo quando si visita il nostro website con lo scopo di aiutare l\u2019utente ad ottenere un esperienza d\u2019uso migliore. La maggior parte dei browser web accetta automaticamente i cookie, ma, se lo si desidera, \u00e8 possibile modificare queste impostazioni del browser accettando, rifiutando ed eliminando i cookie. Se si sceglie di modificare queste impostazioni, \u00e8 possibile che determinate funzioni e funzionalit\u00e0 non operino come previsto. I cookie utilizzati non rilevano le informazioni contenute sul computer o nel dispositivo.<\/p>\n<p>Per ulteriori informazioni sui cookie e su come evitare che il browser li accetti, visitare il seguente sito web: <a href=\"http:\/\/www.allaboutcookies.org\">http:\/\/www.allaboutcookies.org<\/a>.<\/p>\n<p><strong>3. Finalit\u00e0 del trattamento<\/strong><\/p>\n<p>I Suoi Dati personali sono trattati, senza Suo previo consenso (art. 6 lett. b), c) GDPR), per le sole finalit\u00e0 di gestione e l\u2019esecuzione di rapporti precontrattuali e contrattuali; degli adempimenti connessi alla gestione amministrativa e contabile; degli obblighi previsti da leggi, regolamenti o dalla normativa comunitaria ovvero imposti dalle Autorit\u00e0; per la tutela dei diritti del Titolare in sede giudiziaria e gestione degli eventuali contenziosi; per la prevenzione e repressione di atti illeciti.<\/p>\n<p><strong>3.1. Ulteriori finalit\u00e0 del trattamento<\/strong><\/p>\n<p>I dati raccolti, Suo previo consenso libero ed esplicito (art. 6 lett. a) GDPR), potranno essere utilizzati anche per le ulteriori finalit\u00e0 indicate di seguito ai termini e alle condizioni ivi precisate:<\/p>\n<ol type=\"a\">\n<li>Marketing: per inviarti newsletters, materiale promozionale e comunicazioni commerciali, attraverso modalit\u00e0 di contatto sia automatizzate (es. e-mail, SMS, MMS, App) che tradizionali (posta cartacea e chiamate non preregistrate) anche da parte di nostri partner commerciali.<\/li>\n<\/ol>\n<ol start=\"2\" type=\"a\">\n<li>Profilazione: per finalit\u00e0 di profilazione, ossia per analizzare o prevedere, grazie ad algoritmi ed altri sistemi automatizzati, le tue potenziali abitudini, le preferenze personali, gli interessi, il comportamento, l\u2019ubicazione, per poterti offrire prodotti e servizi sempre pi\u00f9 adatti ai tuoi reali interessi ed esigenze e poter elaborare offerte e comunicazioni commerciali personalizzate.<\/li>\n<\/ol>\n<ol start=\"3\" type=\"a\">\n<li>Comunicazione dei dati a soggetti Terzi (es. aziende partner commerciali) che producono o commercializzano beni o servizi attinenti al servizi richiesti, soggetti che si occupano della promozione di beni o servizi, oppure soggetti che si occupano di elaborazione di tali dati in forma anonima per scopi statistici, in conformit\u00e0 alle leggi e ai regolamenti vigenti.<\/li>\n<\/ol>\n<p>Resta inteso che, laddove tu non voglia prestare il tuo consenso al trattamento dei tuoi dati per le finalit\u00e0 sopra richiamate, questo non ti impedir\u00e0 di accedere al sito web e utilizzare le funzionalit\u00e0 disponibili.<\/p>\n<p><strong>4. Modalit\u00e0 del trattamento e Conservazione<\/strong><\/p>\n<p>Il trattamento sar\u00e0 effettuato per mezzo delle operazioni indicate all\u2019art. 4 GDPR e potr\u00e0 avvenire sia mediante sistemi informatici (cloud, internet, intranet, computer e dispositivi mobili) e processi automatizzati, sia in modalit\u00e0 cartacea (archivi).<\/p>\n<p>I tuoi dati saranno conservati nelle banche dati del Titolare per il solo tempo strettamente necessario al raggiungimento delle finalit\u00e0 per cui sono stati raccolti e trattati, in conformit\u00e0 alla legge e secondo quanto sopra precisato, ad eccezione dei casi in cui la normativa vigente non richieda la conservazione dei tuoi dati per periodi pi\u00f9 lunghi. In particolare per le finalit\u00e0 al punto 3.1.a) e 3.1.b) i dati saranno conservati per ventiquattro (24) mesi e successivamente cancellati o resi anonimi.<\/p>\n<p>Qualora tu decida di chiudere il tuo account, il Titolare conserver\u00e0 i dati personali conferiti solo per finalit\u00e0 di carattere amministrativo dalla cessazione del rapporto contrattuale (10 anni), salve eventuali ulteriori esigenze per cui il loro ulteriore mantenimento sia concesso e\/o richiesto da specifiche disposizioni di legge.<\/p>\n<p><strong>5. Natura del conferimento dei Dati e conseguenze del rifiuto<\/strong><\/p>\n<p>Il conferimento dei dati personali identificativi \u00e8 necessario per l\u2019esecuzione del rapporto contrattuale e degli obblighi derivanti dagli adempimenti di legge, regolamenti o dalla normativa comunitaria e facoltativo per l\u2019erogazione di alcuni servizi online. L\u2019eventuale rifiuto comporta l\u2019impossibilit\u00e0 dell\u2019erogazione totale o parziale dei servizi o prestazioni richieste.<\/p>\n<p><strong>6. Accesso ai Dati<\/strong><\/p>\n<p>I Suoi Dati saranno trattati per le finalit\u00e0 di cui sopra da dipendenti e\/o collaboratori del Titolare nella loro qualit\u00e0 di incaricati del trattamento e\/o referenti interni del trattamento e\/o amministratori di sistema; da soggetti terzi (ad esempio, fornitori, professionisti, banche, affiliati) ove svolgano attivit\u00e0 in outsourcing per conto del Titolare, nella loro qualit\u00e0 di responsabili esterni del trattamento.<\/p>\n<p><strong>7. Comunicazione dei Dati<\/strong><\/p>\n<p>Senza Suo espresso consenso (ex art. 6 lett. b), c) GDPR), il Titolare potr\u00e0 comunicare i Suoi Dati ad Enti pubblici per ottemperare agli obblighi previsti da leggi, regolamenti o dalla normativa comunitaria ovvero imposti dalle Autorit\u00e0, che li tratteranno nella loro qualit\u00e0 di titolari autonomi del trattamento.<\/p>\n<p>Potranno essere altres\u00ec comunicati a Soggetti Terzi (ad esempio, partner e aziende clienti), che tratteranno i dati per lo svolgimento di attivit\u00e0 strumentali ai servizi richiesti e alle finalit\u00e0 di cui sopra.<\/p>\n<p>In genere i fornitori di servizi prescelti operano tramite data center localizzati sul territorio dell\u2019Unione Europea.<\/p>\n<p>Nel caso i Suoi dati saranno oggetto di trasferimento in Paesi Extra-UE, anche per finalit\u00e0 di gestione tecnica dei dati raccolti, questo avverr\u00e0 esclusivamente nel pieno rispetto della normativa Europea GDPR, verso imprese aderenti al Privacy Shield <em>(USA)<\/em> o Paesi Terzi per i quali sussistano adeguate garanzie di tutela del trasferimento o siano state sottoscritte specifiche clausole contrattuali di tutela dei dati personali.<\/p>\n<p><strong>8. Diritti dell\u2019interessato<\/strong><\/p>\n<p>In ogni momento potr\u00e0 esercitare i Suoi diritti nei confronti del titolare del trattamento, ai sensi dell\u2019artt.15-22 del Regolamento UE 2016\/679, ed in particolare i diritti di accesso, rettifica, integrazione e, nei casi consentiti la portabilit\u00e0 dei dati conferiti, oltre ad ottenere la cancellazione, la limitazione o l\u2019opposizione al trattamento dei Dati per motivi legittimi e di opporsi al processo decisionale automatizzato, inclusa la profilazione. Nonch\u00e9 il diritto di reclamo all\u2019Autorit\u00e0 Garante, contattando il Titolare o il DPO, ove nominato, con le modalit\u00e0 di seguito indicate:<\/p>\n<ul>\n<li>inviando una raccomandata a.r. all\u2019indirizzo del Titolare sopraindicato;<\/li>\n<li>inviando una email a <a href=\"info@rheticus.eu\"><span style=\"text-decoration: underline;\">info@rheticus.eu<\/span><\/a>;<\/li>\n<\/ul>\n<p>Al fine di garantire la protezione delle informazioni personali dell\u2019interessato, potremmo aver bisogno di richiedere ulteriori informazioni specifiche, che confermino l\u2019identit\u00e0 dell\u2019interessato richiedente e garantirne cos\u00ec il diritto di accesso alle informazioni (o a esercitare uno qualsiasi degli altri diritti) solamente a persone aventi il diritto di ricevere tali comunicazioni. Si tratta di un\u2019altra misura di sicurezza idonea alla protezione dei dati personali.<\/p>\n<p>La richiesta di accesso alle proprie informazioni personali (o per esercitare uno dei diritti sopraindicati) \u00e8 gratuito. Tuttavia, se la richiesta \u00e8 chiaramente infondata o eccessiva potremmo addebitare un contributo spese ragionevole tenendo conto dei costi amministrativi sostenuti per fornire le informazioni oppure rifiutarci di soddisfare la richiesta in tali circostanze.<\/p>\n<p><strong>9. Titolare del trattamento e Responsabile della protezione dei dati personali (DPO)<\/strong><\/p>\n<p>Il Titolare del trattamento \u00e8: <span class=\"il\">Planetek Italia Srl \u2013 Via Massaua, 12, 70132 Bari, Italia<\/span><\/p>\n<\/div>\n<\/div>\n<\/div>\n<\/div>\n<\/div>\n<\/div>\n<\/div>\n","protected":false},"excerpt":{"rendered":"<p>INFORMATIVA PER IL TRATTAMENTO DEI DATI PERSONALI EX ART. 13 REGOLAMENTO UE 679\/2016 Planetek Italia Srl \u2013 Via Massaua, 12, 70132 Bari, Italia \u2013 P.Iva 04555490723, in qualit\u00e0 di titolare del trattamento dei dati (in seguito \u201cTitolare\u201d), La informa, ai sensi dell\u2019art. 13 Regolamento UE 679\/2016 (in seguito \u201cGDPR\u201d), che i Suoi dati saranno trattati [&hellip;]<\/p>\n","protected":false},"author":2,"featured_media":0,"parent":0,"menu_order":0,"comment_status":"closed","ping_status":"closed","template":"template-fullwidth.php","meta":{"footnotes":""},"acf":[],"_links":{"self":[{"href":"https:\/\/safeway.admin.rheticus.eu\/it\/wp-json\/wp\/v2\/pages\/2508"}],"collection":[{"href":"https:\/\/safeway.admin.rheticus.eu\/it\/wp-json\/wp\/v2\/pages"}],"about":[{"href":"https:\/\/safeway.admin.rheticus.eu\/it\/wp-json\/wp\/v2\/types\/page"}],"author":[{"embeddable":true,"href":"https:\/\/safeway.admin.rheticus.eu\/it\/wp-json\/wp\/v2\/users\/2"}],"replies":[{"embeddable":true,"href":"https:\/\/safeway.admin.rheticus.eu\/it\/wp-json\/wp\/v2\/comments?post=2508"}],"version-history":[{"count":0,"href":"https:\/\/safeway.admin.rheticus.eu\/it\/wp-json\/wp\/v2\/pages\/2508\/revisions"}],"wp:attachment":[{"href":"https:\/\/safeway.admin.rheticus.eu\/it\/wp-json\/wp\/v2\/media?parent=2508"}],"curies":[{"name":"wp","href":"https:\/\/api.w.org\/{rel}","templated":true}]}}